{"id":2,"date":"2022-02-04T20:30:40","date_gmt":"2022-02-04T20:30:40","guid":{"rendered":"https:\/\/www.prontofrio.com.br\/?page_id=2"},"modified":"2022-04-04T15:30:52","modified_gmt":"2022-04-04T15:30:52","slug":"sample-page","status":"publish","type":"page","link":"https:\/\/www.prontofrio.com.br\/","title":{"rendered":"Seja bem vindo!"},"content":{"rendered":"\r\n<p>A Pronto frio \u00e9 refer\u00eancia em assist\u00eancia t\u00e9cnica, manuten\u00e7\u00e3o, instala\u00e7\u00e3o, reparos e conserto de geladeiras, freezers, bebedouros e m\u00e1quinas de lavar das marcas Brastemp C\u00f4nsul e Electrolux. <br \/><br \/>Atuamos na regi\u00e3o desde 1993, atenderemos as cidades de Franco da Rocha, Caieiras e Francisco Morato. Nossa maior caracter\u00edstica \u00e9 o atendimento r\u00e1pido, com qualidade, entendemos a necessidade de nossos clientes, por isso nos adequamos para oferecer o melhor com a maior rapidez.<\/p>\r\n<p>Os servi\u00e7os de assist\u00eancia t\u00e9cnica Brastemp , assist\u00eancia t\u00e9cnica C\u00f4nsul e assist\u00eancia t\u00e9cnica Electrolux s\u00e3o realizados por um profissional qualificado e treinado , garantimos um servi\u00e7o de profissional em sua resid\u00eancia, trabalhamos com pe\u00e7as originais e oferecemos a maior garantia do mercado: de at\u00e9 1 ano .<\/p>\r\n<p>Tenha a tranquilidade de entregar seus aparelhos sem se preocupar, ele ser\u00e1 reparado com uma rapidez que vai lhe surpreender. Tenha certeza, haver\u00e1 sempre um vizinho para recomendar nossos servi\u00e7os. Seja um cliente satisfeito, chame a Pronto Frio Servi\u00e7os. <br \/><br \/>Agradecemos a prefer\u00eancia.<\/p>\r\n","protected":false},"excerpt":{"rendered":"<p>A Pronto frio \u00e9 refer\u00eancia em assist\u00eancia t\u00e9cnica, manuten\u00e7\u00e3o, instala\u00e7\u00e3o, reparos e conserto de geladeiras, freezers, bebedouros e m\u00e1quinas de lavar das marcas Brastemp C\u00f4nsul e Electrolux. Atuamos na regi\u00e3o desde 1993, atenderemos as cidades de Franco da Rocha, Caieiras e Francisco Morato. Nossa maior caracter\u00edstica \u00e9 o atendimento r\u00e1pido, com qualidade, entendemos a necessidade &hellip; <\/p>\n<p class=\"link-more\"><a href=\"https:\/\/www.prontofrio.com.br\/\" class=\"more-link\">Continue reading<span class=\"screen-reader-text\"> &#8220;Seja bem vindo!&#8221;<\/span><\/a><\/p>\n","protected":false},"author":1,"featured_media":0,"parent":0,"menu_order":0,"comment_status":"closed","ping_status":"open","template":"","meta":{"footnotes":""},"class_list":["post-2","page","type-page","status-publish","hentry"],"yoast_head":"<!-- This site is optimized with the Yoast SEO plugin v18.0 - https:\/\/yoast.com\/wordpress\/plugins\/seo\/ -->\n<title>Seja bem vindo! - Pronto Frio<\/title>\n<meta name=\"robots\" content=\"index, follow, max-snippet:-1, max-image-preview:large, max-video-preview:-1\" \/>\n<link rel=\"canonical\" href=\"https:\/\/www.prontofrio.com.br\/\" \/>\n<meta property=\"og:locale\" content=\"en_US\" \/>\n<meta property=\"og:type\" content=\"article\" \/>\n<meta property=\"og:title\" content=\"Seja bem vindo! - Pronto Frio\" \/>\n<meta property=\"og:description\" content=\"A Pronto frio \u00e9 refer\u00eancia em assist\u00eancia t\u00e9cnica, manuten\u00e7\u00e3o, instala\u00e7\u00e3o, reparos e conserto de geladeiras, freezers, bebedouros e m\u00e1quinas de lavar das marcas Brastemp C\u00f4nsul e Electrolux. Atuamos na regi\u00e3o desde 1993, atenderemos as cidades de Franco da Rocha, Caieiras e Francisco Morato. Nossa maior caracter\u00edstica \u00e9 o atendimento r\u00e1pido, com qualidade, entendemos a necessidade &hellip; Continue reading &quot;Seja bem vindo!&quot;\" \/>\n<meta property=\"og:url\" content=\"https:\/\/www.prontofrio.com.br\/\" \/>\n<meta property=\"og:site_name\" content=\"Pronto Frio\" \/>\n<meta property=\"article:modified_time\" content=\"2022-04-04T15:30:52+00:00\" \/>\n<meta name=\"twitter:card\" content=\"summary_large_image\" \/>\n<script type=\"application\/ld+json\" class=\"yoast-schema-graph\">{\"@context\":\"https:\/\/schema.org\",\"@graph\":[{\"@type\":\"WebSite\",\"@id\":\"https:\/\/www.prontofrio.com.br\/#website\",\"url\":\"https:\/\/www.prontofrio.com.br\/\",\"name\":\"Pronto Frio\",\"description\":\"Assit\u00eancia T\u00e9cnica especializada\",\"potentialAction\":[{\"@type\":\"SearchAction\",\"target\":{\"@type\":\"EntryPoint\",\"urlTemplate\":\"https:\/\/www.prontofrio.com.br\/?s={search_term_string}\"},\"query-input\":\"required name=search_term_string\"}],\"inLanguage\":\"en-US\"},{\"@type\":\"WebPage\",\"@id\":\"https:\/\/www.prontofrio.com.br\/#webpage\",\"url\":\"https:\/\/www.prontofrio.com.br\/\",\"name\":\"Seja bem vindo! - Pronto Frio\",\"isPartOf\":{\"@id\":\"https:\/\/www.prontofrio.com.br\/#website\"},\"datePublished\":\"2022-02-04T20:30:40+00:00\",\"dateModified\":\"2022-04-04T15:30:52+00:00\",\"breadcrumb\":{\"@id\":\"https:\/\/www.prontofrio.com.br\/#breadcrumb\"},\"inLanguage\":\"en-US\",\"potentialAction\":[{\"@type\":\"ReadAction\",\"target\":[\"https:\/\/www.prontofrio.com.br\/\"]}]},{\"@type\":\"BreadcrumbList\",\"@id\":\"https:\/\/www.prontofrio.com.br\/#breadcrumb\",\"itemListElement\":[{\"@type\":\"ListItem\",\"position\":1,\"name\":\"Home\",\"item\":\"https:\/\/www.prontofrio.com.br\/\"},{\"@type\":\"ListItem\",\"position\":2,\"name\":\"Seja bem vindo!\"}]}]}<\/script>\n<!-- \/ Yoast SEO plugin. -->","yoast_head_json":{"title":"Seja bem vindo! - Pronto Frio","robots":{"index":"index","follow":"follow","max-snippet":"max-snippet:-1","max-image-preview":"max-image-preview:large","max-video-preview":"max-video-preview:-1"},"canonical":"https:\/\/www.prontofrio.com.br\/","og_locale":"en_US","og_type":"article","og_title":"Seja bem vindo! - Pronto Frio","og_description":"A Pronto frio \u00e9 refer\u00eancia em assist\u00eancia t\u00e9cnica, manuten\u00e7\u00e3o, instala\u00e7\u00e3o, reparos e conserto de geladeiras, freezers, bebedouros e m\u00e1quinas de lavar das marcas Brastemp C\u00f4nsul e Electrolux. Atuamos na regi\u00e3o desde 1993, atenderemos as cidades de Franco da Rocha, Caieiras e Francisco Morato. Nossa maior caracter\u00edstica \u00e9 o atendimento r\u00e1pido, com qualidade, entendemos a necessidade &hellip; Continue reading \"Seja bem vindo!\"","og_url":"https:\/\/www.prontofrio.com.br\/","og_site_name":"Pronto Frio","article_modified_time":"2022-04-04T15:30:52+00:00","twitter_card":"summary_large_image","schema":{"@context":"https:\/\/schema.org","@graph":[{"@type":"WebSite","@id":"https:\/\/www.prontofrio.com.br\/#website","url":"https:\/\/www.prontofrio.com.br\/","name":"Pronto Frio","description":"Assit\u00eancia T\u00e9cnica especializada","potentialAction":[{"@type":"SearchAction","target":{"@type":"EntryPoint","urlTemplate":"https:\/\/www.prontofrio.com.br\/?s={search_term_string}"},"query-input":"required name=search_term_string"}],"inLanguage":"en-US"},{"@type":"WebPage","@id":"https:\/\/www.prontofrio.com.br\/#webpage","url":"https:\/\/www.prontofrio.com.br\/","name":"Seja bem vindo! - Pronto Frio","isPartOf":{"@id":"https:\/\/www.prontofrio.com.br\/#website"},"datePublished":"2022-02-04T20:30:40+00:00","dateModified":"2022-04-04T15:30:52+00:00","breadcrumb":{"@id":"https:\/\/www.prontofrio.com.br\/#breadcrumb"},"inLanguage":"en-US","potentialAction":[{"@type":"ReadAction","target":["https:\/\/www.prontofrio.com.br\/"]}]},{"@type":"BreadcrumbList","@id":"https:\/\/www.prontofrio.com.br\/#breadcrumb","itemListElement":[{"@type":"ListItem","position":1,"name":"Home","item":"https:\/\/www.prontofrio.com.br\/"},{"@type":"ListItem","position":2,"name":"Seja bem vindo!"}]}]}},"_links":{"self":[{"href":"https:\/\/www.prontofrio.com.br\/index.php\/wp-json\/wp\/v2\/pages\/2","targetHints":{"allow":["GET"]}}],"collection":[{"href":"https:\/\/www.prontofrio.com.br\/index.php\/wp-json\/wp\/v2\/pages"}],"about":[{"href":"https:\/\/www.prontofrio.com.br\/index.php\/wp-json\/wp\/v2\/types\/page"}],"author":[{"embeddable":true,"href":"https:\/\/www.prontofrio.com.br\/index.php\/wp-json\/wp\/v2\/users\/1"}],"replies":[{"embeddable":true,"href":"https:\/\/www.prontofrio.com.br\/index.php\/wp-json\/wp\/v2\/comments?post=2"}],"version-history":[{"count":2,"href":"https:\/\/www.prontofrio.com.br\/index.php\/wp-json\/wp\/v2\/pages\/2\/revisions"}],"predecessor-version":[{"id":55,"href":"https:\/\/www.prontofrio.com.br\/index.php\/wp-json\/wp\/v2\/pages\/2\/revisions\/55"}],"wp:attachment":[{"href":"https:\/\/www.prontofrio.com.br\/index.php\/wp-json\/wp\/v2\/media?parent=2"}],"curies":[{"name":"wp","href":"https:\/\/api.w.org\/{rel}","templated":true}]}}